{"id":3364,"date":"2023-01-30T19:03:45","date_gmt":"2023-01-30T18:03:45","guid":{"rendered":"https:\/\/babe.hr\/?page_id=3364"},"modified":"2024-02-16T16:40:34","modified_gmt":"2024-02-16T15:40:34","slug":"o-nama","status":"publish","type":"page","link":"https:\/\/babe.hr\/en\/o-nama\/","title":{"rendered":"About us"},"content":{"rendered":"<div class=\"wp-block-columns alignfull is-layout-flex wp-container-core-columns-is-layout-8f761849 wp-block-columns-is-layout-flex\"><\/div>\n\n\n\n<div class=\"wp-block-columns is-layout-flex wp-container-core-columns-is-layout-8f761849 wp-block-columns-is-layout-flex\">\n<div class=\"wp-block-column is-vertically-aligned-center has-white-background-color has-background is-layout-flow wp-block-column-is-layout-flow\"><div class=\"wp-block-image\">\n<figure class=\"aligncenter size-full\"><img loading=\"lazy\" decoding=\"async\" width=\"280\" height=\"139\" src=\"https:\/\/babe.hr\/wp-content\/uploads\/2024\/02\/ljudi-2.jpg\" alt=\"\" class=\"wp-image-3884\" srcset=\"https:\/\/babe.hr\/wp-content\/uploads\/2024\/02\/ljudi-2.jpg 280w, https:\/\/babe.hr\/wp-content\/uploads\/2024\/02\/ljudi-2-18x9.jpg 18w\" sizes=\"auto, (max-width: 280px) 100vw, 280px\" \/><\/figure>\n<\/div><\/div>\n\n\n\n<div class=\"wp-block-column is-layout-flow wp-block-column-is-layout-flow\">\n<p class=\"has-large-font-size wp-block-paragraph\"><strong>Mission<\/strong><\/p>\n\n\n\n<p class=\"wp-block-paragraph\">Through protection, support, advice and advocacy, we promote gender equality and seek equal opportunities.<br>opportunities for everyone in all spheres<br>social life!<\/p>\n<\/div>\n<\/div>\n\n\n\n<div class=\"wp-block-columns alignfull is-not-stacked-on-mobile is-layout-flex wp-container-core-columns-is-layout-8f761849 wp-block-columns-is-layout-flex\">\n<div class=\"wp-block-column is-vertically-aligned-center is-layout-flow wp-block-column-is-layout-flow\" style=\"padding-top:1em;padding-right:1em;padding-bottom:1em;padding-left:1em\">\n<div class=\"wp-block-columns is-layout-flex wp-container-core-columns-is-layout-8f761849 wp-block-columns-is-layout-flex\">\n<div class=\"wp-block-column is-layout-flow wp-block-column-is-layout-flow\" style=\"flex-basis:320px\">\n<h2 class=\"wp-block-heading has-large-font-size\">Vision<\/h2>\n\n\n\n<p class=\"wp-block-paragraph\">For a society of equal, emancipated and<br>active individuals in which there is no<br>places for violence!<\/p>\n<\/div>\n\n\n\n<div class=\"wp-block-column is-layout-flow wp-block-column-is-layout-flow\"><\/div>\n\n\n\n<div class=\"wp-block-column is-layout-flow wp-block-column-is-layout-flow\"><\/div>\n\n\n\n<div class=\"wp-block-column is-layout-flow wp-block-column-is-layout-flow\"><\/div>\n<\/div>\n<\/div>\n\n\n\n<div class=\"wp-block-column is-layout-flow wp-block-column-is-layout-flow\" style=\"flex-basis:50%\">\n<div class=\"wp-block-cover\" style=\"min-height:300px;aspect-ratio:unset;\"><span aria-hidden=\"true\" class=\"wp-block-cover__background has-background-dim-100 has-background-dim\" style=\"background-color:#f6f6f6\"><\/span><div class=\"wp-block-cover__inner-container is-layout-flow wp-block-cover-is-layout-flow\">\n<figure class=\"wp-block-image size-full\"><img loading=\"lazy\" decoding=\"async\" width=\"2560\" height=\"1579\" src=\"https:\/\/babe.hr\/wp-content\/uploads\/2024\/02\/AdobeStock_456540956-scaled.webp\" alt=\"\" class=\"wp-image-3874\" srcset=\"https:\/\/babe.hr\/wp-content\/uploads\/2024\/02\/AdobeStock_456540956-scaled.webp 2560w, https:\/\/babe.hr\/wp-content\/uploads\/2024\/02\/AdobeStock_456540956-300x185.webp 300w, https:\/\/babe.hr\/wp-content\/uploads\/2024\/02\/AdobeStock_456540956-1024x631.webp 1024w, https:\/\/babe.hr\/wp-content\/uploads\/2024\/02\/AdobeStock_456540956-768x474.webp 768w, https:\/\/babe.hr\/wp-content\/uploads\/2024\/02\/AdobeStock_456540956-1536x947.webp 1536w, https:\/\/babe.hr\/wp-content\/uploads\/2024\/02\/AdobeStock_456540956-2048x1263.webp 2048w, https:\/\/babe.hr\/wp-content\/uploads\/2024\/02\/AdobeStock_456540956-18x12.webp 18w\" sizes=\"auto, (max-width: 2560px) 100vw, 2560px\" \/><\/figure>\n<\/div><\/div>\n<\/div>\n<\/div>\n\n\n\n<div class=\"wp-block-media-text alignwide is-stacked-on-mobile is-vertically-aligned-center has-background\" style=\"background-color:#ffe9e9;grid-template-columns:45% auto\"><figure class=\"wp-block-media-text__media\"><img loading=\"lazy\" decoding=\"async\" width=\"683\" height=\"1024\" src=\"https:\/\/babe.hr\/wp-content\/uploads\/2023\/01\/gayatri-malhotra-eIGgOPbMDgA-unsplash-683x1024.jpg\" alt=\"\" class=\"wp-image-3360 size-full\" srcset=\"https:\/\/babe.hr\/wp-content\/uploads\/2023\/01\/gayatri-malhotra-eIGgOPbMDgA-unsplash-683x1024.jpg 683w, https:\/\/babe.hr\/wp-content\/uploads\/2023\/01\/gayatri-malhotra-eIGgOPbMDgA-unsplash-200x300.jpg 200w, https:\/\/babe.hr\/wp-content\/uploads\/2023\/01\/gayatri-malhotra-eIGgOPbMDgA-unsplash-768x1152.jpg 768w, https:\/\/babe.hr\/wp-content\/uploads\/2023\/01\/gayatri-malhotra-eIGgOPbMDgA-unsplash-1024x1536.jpg 1024w, https:\/\/babe.hr\/wp-content\/uploads\/2023\/01\/gayatri-malhotra-eIGgOPbMDgA-unsplash-1365x2048.jpg 1365w, https:\/\/babe.hr\/wp-content\/uploads\/2023\/01\/gayatri-malhotra-eIGgOPbMDgA-unsplash-8x12.jpg 8w, https:\/\/babe.hr\/wp-content\/uploads\/2023\/01\/gayatri-malhotra-eIGgOPbMDgA-unsplash-scaled.jpg 1707w\" sizes=\"auto, (max-width: 683px) 100vw, 683px\" \/><\/figure><div class=\"wp-block-media-text__content\">\n<div class=\"wp-block-group\" style=\"padding-top:2em;padding-right:2em;padding-bottom:2em;padding-left:2em\"><div class=\"wp-block-group__inner-container is-layout-flow wp-block-group-is-layout-flow\">\n<p class=\"has-text-align-left has-medium-font-size wp-block-paragraph\" style=\"line-height:1.2\">BaBe is an organization founded in 1994 with the purpose of promoting and protecting women&#039;s human rights, which today focuses on promoting gender equality and ensuring equal opportunities for all genders in all spheres of social life. The organization&#039;s activities are structured through four strategic programs: Gender Equality, Prevention and Combating Gender-Based Violence, Safe House, and Public Policy and Advocacy.<\/p>\n<\/div><\/div>\n<\/div><\/div>\n\n\n\n<hr class=\"wp-block-separator has-alpha-channel-opacity\"\/>\n\n\n\n<h1 class=\"wp-block-heading has-text-align-center has-black-color has-text-color has-link-color wp-elements-354c9e19a1959935df112cebc39ce0e8\">Programs<\/h1>\n\n\n\n<div class=\"wp-block-cover\"><span aria-hidden=\"true\" class=\"wp-block-cover__background has-background-dim\"><\/span><img loading=\"lazy\" decoding=\"async\" width=\"640\" height=\"427\" class=\"wp-block-cover__image-background wp-image-80\" alt=\"\" src=\"https:\/\/babe.hr\/wp-content\/uploads\/2021\/05\/sydney-sims-fZ2hMpHIrbI-unsplash2.jpg\" data-object-fit=\"cover\" srcset=\"https:\/\/babe.hr\/wp-content\/uploads\/2021\/05\/sydney-sims-fZ2hMpHIrbI-unsplash2.jpg 640w, https:\/\/babe.hr\/wp-content\/uploads\/2021\/05\/sydney-sims-fZ2hMpHIrbI-unsplash2-300x200.jpg 300w\" sizes=\"auto, (max-width: 640px) 100vw, 640px\" \/><div class=\"wp-block-cover__inner-container is-layout-flow wp-block-cover-is-layout-flow\">\n<p class=\"has-text-align-center has-large-font-size wp-block-paragraph\">Gender equality<\/p>\n<\/div><\/div>\n\n\n\n<p class=\"has-background wp-block-paragraph\" style=\"background-color:#dadada\">The Gender Equality Programme was launched with the aim of including the concept of gender equality in all national, regional and local policies, using relevant methodologies (research, public policy analysis, consulting, monitoring implementation) and raising public awareness. The programme&#039;s activities include educating decision-makers on the concept of gender equality and gender mainstreaming, monitoring, analysis and reporting on gender equality and policy shortcomings in this regard, and public campaigns organised to raise public awareness about key aspects of gender inequality.<\/p>\n\n\n\n<div class=\"wp-block-cover\"><span aria-hidden=\"true\" class=\"wp-block-cover__background has-background-dim\"><\/span><img loading=\"lazy\" decoding=\"async\" width=\"640\" height=\"427\" class=\"wp-block-cover__image-background wp-image-77\" alt=\"\" src=\"https:\/\/babe.hr\/wp-content\/uploads\/2021\/05\/sydney-sims-3zgllN5P7Mc-unsplash.jpg\" data-object-fit=\"cover\" srcset=\"https:\/\/babe.hr\/wp-content\/uploads\/2021\/05\/sydney-sims-3zgllN5P7Mc-unsplash.jpg 640w, https:\/\/babe.hr\/wp-content\/uploads\/2021\/05\/sydney-sims-3zgllN5P7Mc-unsplash-300x200.jpg 300w\" sizes=\"auto, (max-width: 640px) 100vw, 640px\" \/><div class=\"wp-block-cover__inner-container is-layout-flow wp-block-cover-is-layout-flow\">\n<p class=\"has-text-align-center has-large-font-size wp-block-paragraph\">Prevention and suppression of gender-based violence<\/p>\n<\/div><\/div>\n\n\n\n<p class=\"has-background wp-block-paragraph\" style=\"background-color:#dadada\">The Prevention and Combating of Gender-Based Violence Program is a continuation and expansion of the scope of activities of the Legaline program, which was launched in 1995 and is one of the oldest programs of the organization. The purpose of the program is to provide legal and psychosocial assistance to victims of violence and to identify shortcomings in existing legislation and\/or failures in the implementation of responsible institutions through direct communication with citizens. The program has established a legal and psychological counseling center (free of charge for all citizens), conducts strategic disputes, monitors and tracks the impact on the formulation of public policies and laws in the field of gender-based violence.<\/p>\n\n\n\n<div class=\"wp-block-cover is-light\"><span aria-hidden=\"true\" class=\"wp-block-cover__background has-background-dim\"><\/span><img loading=\"lazy\" decoding=\"async\" width=\"660\" height=\"450\" class=\"wp-block-cover__image-background wp-image-46\" alt=\"\" src=\"https:\/\/babe.hr\/wp-content\/uploads\/2021\/04\/B.A.B.E..jpg\" data-object-fit=\"cover\" srcset=\"https:\/\/babe.hr\/wp-content\/uploads\/2021\/04\/B.A.B.E..jpg 660w, https:\/\/babe.hr\/wp-content\/uploads\/2021\/04\/B.A.B.E.-300x205.jpg 300w\" sizes=\"auto, (max-width: 660px) 100vw, 660px\" \/><div class=\"wp-block-cover__inner-container is-layout-flow wp-block-cover-is-layout-flow\">\n<p class=\"has-text-align-center has-white-color has-text-color has-large-font-size wp-block-paragraph\">Safe house<\/p>\n<\/div><\/div>\n\n\n\n<p class=\"has-background wp-block-paragraph\" style=\"background-color:#dadada\">The program enabled the opening and operation of the Safe House in Vukovar-Srijem County, which provides existential conditions and psychosocial support to victims of domestic violence (women and children). The safe house simultaneously provides accommodation for up to twelve women and eight children from all over Croatia for a maximum of one year. Professional associates are making great efforts to provide victims of violence with adequate assistance in overcoming the trauma they have experienced and regaining self-confidence during the process of becoming independent, or finding employment and housing. The goal of this program is to ensure the sustainability of services and the stability of the functioning of the Safe House and the counseling center for legal and psychological assistance to victims of violence, as well as complementary services for socio-economic empowerment in the Vukovar-Srijem County.<\/p>\n\n\n\n<div class=\"wp-block-cover\"><span aria-hidden=\"true\" class=\"wp-block-cover__background has-background-dim\"><\/span><img loading=\"lazy\" decoding=\"async\" width=\"2560\" height=\"1707\" class=\"wp-block-cover__image-background wp-image-3359\" alt=\"\" src=\"https:\/\/babe.hr\/wp-content\/uploads\/2023\/01\/michelle-ding-LXUR8IWa0i0-unsplash-scaled.jpg\" data-object-fit=\"cover\" srcset=\"https:\/\/babe.hr\/wp-content\/uploads\/2023\/01\/michelle-ding-LXUR8IWa0i0-unsplash-scaled.jpg 2560w, https:\/\/babe.hr\/wp-content\/uploads\/2023\/01\/michelle-ding-LXUR8IWa0i0-unsplash-300x200.jpg 300w, https:\/\/babe.hr\/wp-content\/uploads\/2023\/01\/michelle-ding-LXUR8IWa0i0-unsplash-1024x683.jpg 1024w, https:\/\/babe.hr\/wp-content\/uploads\/2023\/01\/michelle-ding-LXUR8IWa0i0-unsplash-768x512.jpg 768w, https:\/\/babe.hr\/wp-content\/uploads\/2023\/01\/michelle-ding-LXUR8IWa0i0-unsplash-1536x1024.jpg 1536w, https:\/\/babe.hr\/wp-content\/uploads\/2023\/01\/michelle-ding-LXUR8IWa0i0-unsplash-2048x1365.jpg 2048w, https:\/\/babe.hr\/wp-content\/uploads\/2023\/01\/michelle-ding-LXUR8IWa0i0-unsplash-18x12.jpg 18w\" sizes=\"auto, (max-width: 2560px) 100vw, 2560px\" \/><div class=\"wp-block-cover__inner-container is-layout-flow wp-block-cover-is-layout-flow\">\n<p class=\"has-text-align-center has-large-font-size wp-block-paragraph\">Public policy and advocacy&nbsp;<\/p>\n<\/div><\/div>\n\n\n\n<p class=\"has-background wp-block-paragraph\" style=\"background-color:#dadada\">The Public Policy and Advocacy Program is aimed at increasing the impact of the concept of human rights on legislation and practice in the field of combating discrimination and in the field of protecting the right to public expression and freedom of opinion, assembly, etc. BaBe is recognized by the public as an organization for women&#039;s human rights, but also as an organization that responds to all forms of human rights violations. The aim of this program is to monitor legislative procedures, public policies and implementation measures in the areas of combating discrimination and violations of human (fundamental) rights (with a focus on monitoring implementation activities and measures and their functioning in practice at all levels) and advocacy from the standpoint of gender perspective and respect for human rights.<\/p>\n\n\n\n<pre class=\"wp-block-preformatted\"><\/pre>","protected":false},"excerpt":{"rendered":"<p>Misija Kroz za\u0161titu, podr\u0161ku, savjetovanje i zagovaranje promi\u010demo rodnu ravnopravnost i tra\u017eimo jednakemogu\u0107nosti za sve u svim sferamadru\u0161tvenog \u017eivota! Vizija Za dru\u0161tvo ravnopravnih, emancipiranih iaktivnih pojedinaca\/ki u kojem nemamjesta za nasilje! Programi Program Rodna ravnopravnost pokrenut je s ciljem uklju\u010divanja koncepta rodne ravnopravnosti u sve nacionalne, regionalne i lokalne politike, kori\u0161tenjem relevantnih metodologija (istra\u017eivanja, analize [&hellip;]<\/p>\n","protected":false},"author":1,"featured_media":0,"parent":0,"menu_order":0,"comment_status":"closed","ping_status":"closed","template":"","meta":{"_crdt_document":"","slim_seo":{"title":"O nama - babe.hr","description":"Misija Kroz za\u0161titu, podr\u0161ku, savjetovanje i zagovaranje promi\u010demo rodnu ravnopravnost i tra\u017eimo jednake mogu\u0107nosti za sve u svim sferama dru\u0161tvenog \u017eivota! Viz"},"iawp_total_views":37,"footnotes":""},"class_list":["post-3364","page","type-page","status-publish","hentry"],"meta_box":[],"_links":{"self":[{"href":"https:\/\/babe.hr\/en\/wp-json\/wp\/v2\/pages\/3364","targetHints":{"allow":["GET"]}}],"collection":[{"href":"https:\/\/babe.hr\/en\/wp-json\/wp\/v2\/pages"}],"about":[{"href":"https:\/\/babe.hr\/en\/wp-json\/wp\/v2\/types\/page"}],"author":[{"embeddable":true,"href":"https:\/\/babe.hr\/en\/wp-json\/wp\/v2\/users\/1"}],"replies":[{"embeddable":true,"href":"https:\/\/babe.hr\/en\/wp-json\/wp\/v2\/comments?post=3364"}],"version-history":[{"count":23,"href":"https:\/\/babe.hr\/en\/wp-json\/wp\/v2\/pages\/3364\/revisions"}],"predecessor-version":[{"id":3898,"href":"https:\/\/babe.hr\/en\/wp-json\/wp\/v2\/pages\/3364\/revisions\/3898"}],"wp:attachment":[{"href":"https:\/\/babe.hr\/en\/wp-json\/wp\/v2\/media?parent=3364"}],"curies":[{"name":"wp","href":"https:\/\/api.w.org\/{rel}","templated":true}]}}