{"id":3382,"date":"2023-01-30T19:16:57","date_gmt":"2023-01-30T18:16:57","guid":{"rendered":"https:\/\/babe.hr\/?page_id=3382"},"modified":"2026-03-02T14:20:53","modified_gmt":"2026-03-02T13:20:53","slug":"strateski-planovi","status":"publish","type":"page","link":"https:\/\/babe.hr\/en\/strateski-planovi\/","title":{"rendered":"Strategic plans"},"content":{"rendered":"<h1 class=\"wp-block-heading\">Strategic plans and regulations<\/h1>\r\n<ul>\r\n<li><a href=\"https:\/\/babe.hr\/wp-content\/uploads\/2025\/03\/Strateski-plan-2025.-2028.pdf\">Strategic Plan 2025-2028.<\/a><\/li>\r\n<li><a href=\"https:\/\/babe.hr\/wp-content\/uploads\/2026\/03\/Operativni-i-financijski-plan-za-2026.pdf\">Operativni i financijski plan za 2026.<\/a><\/li>\r\n<li><a href=\"https:\/\/babe.hr\/wp-content\/uploads\/2025\/02\/Operativni-i-financijski-plan-za-2025.pdf\">Operational and financial plan for 2025.<\/a><\/li>\r\n<li><a href=\"https:\/\/babe.hr\/wp-content\/uploads\/2024\/02\/Operativni-i-financijski-plan-za-2024-1.pdf\">Operational and financial plan for 2024.<\/a><\/li>\r\n<li><a href=\"https:\/\/babe.hr\/wp-content\/uploads\/2023\/01\/Strateski-plan-2021.-2024..pdf\">Strategic Plan 2021 - 2024<\/a><\/li>\r\n<li><a href=\"https:\/\/babe.hr\/wp-content\/uploads\/2023\/01\/Operativni-i-financijski-plan-za-2023..pdf\">Operational and financial plan for 2023.<\/a><\/li>\r\n\r\n\r\n\r\n<li><a href=\"https:\/\/babe.hr\/wp-content\/uploads\/2021\/12\/Operativni-i-financijski-plan-za-2022.-godinu.pdf\">Operational and financial plan for 2022.<\/a><\/li>\r\n\r\n\r\n\r\n<li><a href=\"https:\/\/babe.hr\/wp-content\/uploads\/2021\/08\/pravilnik_o_provedbi_postupaka_jednostavne_nabave4.pdf\">Regulations on the implementation of public procurement procedures<\/a><\/li>\r\n<\/ul>\r\n<!-- \/wp:post-content -->","protected":false},"excerpt":{"rendered":"<p>Strate\u0161ki planovi i pravilnici Strate\u0161ki plan 2025.-2028. Operativni i financijski plan za 2026. Operativni i financijski plan za 2025. Operativni i financijski plan za 2024. Strate\u0161ki plan 2021. - 2024. Operativni i financijski plan za 2023.<\/p>","protected":false},"author":1,"featured_media":0,"parent":0,"menu_order":0,"comment_status":"closed","ping_status":"closed","template":"","meta":{"_crdt_document":"","slim_seo":{"title":"Strate\u0161ki planovi - babe.hr","description":"Strate\u0161ki planovi i pravilnici Strate\u0161ki plan 2025.-2028. Operativni i financijski plan za 2026. Operativni i financijski plan za 2025. Operativni i financijski"},"iawp_total_views":11,"footnotes":""},"class_list":["post-3382","page","type-page","status-publish","hentry"],"meta_box":[],"_links":{"self":[{"href":"https:\/\/babe.hr\/en\/wp-json\/wp\/v2\/pages\/3382","targetHints":{"allow":["GET"]}}],"collection":[{"href":"https:\/\/babe.hr\/en\/wp-json\/wp\/v2\/pages"}],"about":[{"href":"https:\/\/babe.hr\/en\/wp-json\/wp\/v2\/types\/page"}],"author":[{"embeddable":true,"href":"https:\/\/babe.hr\/en\/wp-json\/wp\/v2\/users\/1"}],"replies":[{"embeddable":true,"href":"https:\/\/babe.hr\/en\/wp-json\/wp\/v2\/comments?post=3382"}],"version-history":[{"count":15,"href":"https:\/\/babe.hr\/en\/wp-json\/wp\/v2\/pages\/3382\/revisions"}],"predecessor-version":[{"id":5063,"href":"https:\/\/babe.hr\/en\/wp-json\/wp\/v2\/pages\/3382\/revisions\/5063"}],"wp:attachment":[{"href":"https:\/\/babe.hr\/en\/wp-json\/wp\/v2\/media?parent=3382"}],"curies":[{"name":"wp","href":"https:\/\/api.w.org\/{rel}","templated":true}]}}